{"id":165,"date":"2023-04-21T12:20:03","date_gmt":"2023-04-21T16:50:03","guid":{"rendered":"https:\/\/esviafm.com\/?page_id=165"},"modified":"2025-06-26T10:56:50","modified_gmt":"2025-06-26T15:26:50","slug":"programacion","status":"publish","type":"page","link":"https:\/\/esviafm.com\/index.php\/programacion\/","title":{"rendered":"Programaci\u00f3n"},"content":{"rendered":"<p>[et_pb_section fb_built=\u00bb1&#8243; _builder_version=\u00bb4.15.1&#8243; _module_preset=\u00bbdefault\u00bb background_color=\u00bbrgba(0,0,0,0.55)\u00bb background_image=\u00bbhttps:\/\/esviafm.com\/wp-content\/uploads\/2023\/04\/header-1-1.jpg\u00bb background_blend=\u00bboverlay\u00bb locked=\u00bboff\u00bb global_colors_info=\u00bb{}\u00bb][et_pb_row _builder_version=\u00bb4.15.1&#8243; _module_preset=\u00bbdefault\u00bb global_colors_info=\u00bb{}\u00bb][et_pb_column type=\u00bb4_4&#8243; _builder_version=\u00bb4.15.1&#8243; _module_preset=\u00bbdefault\u00bb global_colors_info=\u00bb{}\u00bb][et_pb_text _builder_version=\u00bb4.15.1&#8243; _module_preset=\u00bbdefault\u00bb text_text_color=\u00bb#FFFFFF\u00bb header_text_color=\u00bb#FFFFFF\u00bb global_colors_info=\u00bb{}\u00bb]<\/p>\n<h2 style=\"text-align: center;\"><span style=\"color: #ffffff;\"><strong>Programaci\u00f3n<\/strong><\/span><\/h2>\n<p>&nbsp;<\/p>\n<p>[\/et_pb_text][\/et_pb_column][\/et_pb_row][\/et_pb_section][et_pb_section fb_built=\u00bb1&#8243; disabled_on=\u00bboff|off|off\u00bb _builder_version=\u00bb4.15.1&#8243; _module_preset=\u00bbdefault\u00bb global_colors_info=\u00bb{}\u00bb][et_pb_row column_structure=\u00bb2_5,3_5&#8243; _builder_version=\u00bb4.15.1&#8243; _module_preset=\u00bbdefault\u00bb global_colors_info=\u00bb{}\u00bb][et_pb_column type=\u00bb2_5&#8243; _builder_version=\u00bb4.15.1&#8243; _module_preset=\u00bbdefault\u00bb global_colors_info=\u00bb{}\u00bb][et_pb_image src=\u00bbhttps:\/\/esviafm.com\/wp-content\/uploads\/2025\/04\/La-Magia-de-la-Radio-Donde-la-Musica-Cobra-Vida.jpg\u00bb title_text=\u00bbLa Magia de la Radio- Donde la M\u00fasica Cobra Vida\u00bb _builder_version=\u00bb4.15.1&#8243; _module_preset=\u00bbdefault\u00bb animation_style=\u00bbbounce\u00bb border_radii=\u00bbon|20px|20px|20px|20px\u00bb box_shadow_style=\u00bbpreset1&#8243; global_colors_info=\u00bb{}\u00bb][\/et_pb_image][\/et_pb_column][et_pb_column type=\u00bb3_5&#8243; _builder_version=\u00bb4.15.1&#8243; _module_preset=\u00bbdefault\u00bb global_colors_info=\u00bb{}\u00bb][et_pb_text _builder_version=\u00bb4.15.1&#8243; _module_preset=\u00bbdefault\u00bb custom_padding=\u00bb||0px|||\u00bb animation_style=\u00bbflip\u00bb global_colors_info=\u00bb{}\u00bb]<\/p>\n<h2 style=\"text-align: center;\"><strong>\u201cBuenos D\u00edas con Jacqueline\u00bb<\/strong><\/h2>\n<h4 style=\"text-align: center;\"><strong>Conductora:<\/strong> <em>Jacqueline Tortolero<\/em><\/h4>\n<h5 style=\"text-align: center;\"><strong>Periodista con m\u00e1s de 30 a\u00f1os de experiencia<\/strong><\/h5>\n<h4 style=\"text-align: center;\"><strong>Horario: <\/strong><em>De 5 a 10 AM<\/em><\/h4>\n<p style=\"text-align: center;\">Programa matutino que te ofrece d\u00eda tras d\u00eda, noticias,informaci\u00f3n de tr\u00e1nsito, entrevistas con temas de actualidad, conducido por la Periodista Jacqueline Tortolero. D\u00f3nde de manera muy h\u00e1bil combina su programa radial con la utilizaci\u00f3n de redes Sociales, Instagram Live con los invitados, Noticias, reporte de tr\u00e1nsito, denuncias y m\u00e1s.<\/p>\n<p>[\/et_pb_text][\/et_pb_column][\/et_pb_row][et_pb_row column_structure=\u00bb3_5,2_5&#8243; _builder_version=\u00bb4.15.1&#8243; _module_preset=\u00bbdefault\u00bb global_colors_info=\u00bb{}\u00bb][et_pb_column type=\u00bb3_5&#8243; _builder_version=\u00bb4.15.1&#8243; _module_preset=\u00bbdefault\u00bb global_colors_info=\u00bb{}\u00bb][et_pb_text _builder_version=\u00bb4.15.1&#8243; _module_preset=\u00bbdefault\u00bb animation_style=\u00bbflip\u00bb global_colors_info=\u00bb{}\u00bb]<\/p>\n<h2 style=\"text-align: center;\"><strong><\/strong><\/h2>\n<h2 style=\"text-align: center;\"><strong>\u201cA Media Ma\u00f1ana\u201d<\/strong><\/h2>\n<h4 style=\"text-align: center;\"><strong>Conductora:<\/strong> Yolbran T.\u00a0<\/h4>\n<h5 style=\"text-align: center;\">Locutor<\/h5>\n<h4 style=\"text-align: center;\"><strong>Horario: <\/strong><em>De 10 a 12 AM<\/em><\/h4>\n<p style=\"text-align: center;\">\u00ab\u00a1Bienvenidos al mejor programa de far\u00e1ndula de variedad! \ud83c\udf89 Con la energ\u00eda contagiosa de Yolbran Toro, te traigo las \u00faltimas noticias del espect\u00e1culo, buena m\u00fasica y un mont\u00f3n de diversi\u00f3n.<\/p>\n<p style=\"text-align: center;\">Prep\u00e1rate para disfrutar de entrevistas exclusivas, risas y esos momentos que te har\u00e1n vibrar. \u00a1No te lo puedes perder! \ud83c\udfb6\u2728\u00bb.<\/p>\n<p>[\/et_pb_text][\/et_pb_column][et_pb_column type=\u00bb2_5&#8243; _builder_version=\u00bb4.15.1&#8243; _module_preset=\u00bbdefault\u00bb global_colors_info=\u00bb{}\u00bb][et_pb_image src=\u00bbhttps:\/\/esviafm.com\/wp-content\/uploads\/2025\/06\/IMG_8756.jpg\u00bb title_text=\u00bbIMG_8756&#8243; _builder_version=\u00bb4.15.1&#8243; _module_preset=\u00bbdefault\u00bb animation_style=\u00bbbounce\u00bb hover_enabled=\u00bb0&#8243; border_radii=\u00bbon|20px|20px|20px|20px\u00bb box_shadow_style=\u00bbpreset1&#8243; global_colors_info=\u00bb{}\u00bb sticky_enabled=\u00bb0&#8243;][\/et_pb_image][\/et_pb_column][\/et_pb_row][et_pb_row column_structure=\u00bb2_5,3_5&#8243; _builder_version=\u00bb4.15.1&#8243; _module_preset=\u00bbdefault\u00bb global_colors_info=\u00bb{}\u00bb][et_pb_column type=\u00bb2_5&#8243; _builder_version=\u00bb4.15.1&#8243; _module_preset=\u00bbdefault\u00bb global_colors_info=\u00bb{}\u00bb][et_pb_image src=\u00bbhttps:\/\/esviafm.com\/wp-content\/uploads\/2025\/06\/IMG_6714.jpg\u00bb title_text=\u00bbIMG_6714&#8243; _builder_version=\u00bb4.15.1&#8243; _module_preset=\u00bbdefault\u00bb animation_style=\u00bbbounce\u00bb hover_enabled=\u00bb0&#8243; border_radii=\u00bbon|20px|20px|20px|20px\u00bb box_shadow_style=\u00bbpreset1&#8243; global_colors_info=\u00bb{}\u00bb sticky_enabled=\u00bb0&#8243;][\/et_pb_image][\/et_pb_column][et_pb_column type=\u00bb3_5&#8243; _builder_version=\u00bb4.15.1&#8243; _module_preset=\u00bbdefault\u00bb global_colors_info=\u00bb{}\u00bb][et_pb_text _builder_version=\u00bb4.15.1&#8243; _module_preset=\u00bbdefault\u00bb custom_padding=\u00bb3px|||||\u00bb animation_style=\u00bbflip\u00bb global_colors_info=\u00bb{}\u00bb]<\/p>\n<h2 style=\"text-align: center;\"><strong>\u201cDOS A LAS DOS\u201d<\/strong><\/h2>\n<h4 style=\"text-align: center;\"><strong>Conductor:\u00a0<\/strong> \u00a0<\/h4>\n<h5 style=\"text-align: center;\"><\/h5>\n<h4 style=\"text-align: center;\"><strong>Horario: <\/strong><em>De 2 a 4 PM<\/em><\/h4>\n<p style=\"text-align: center;\">Es una de las propuestas de nuestra programaci\u00f3n, creada para pasar un rato diferente y ameno, con dos generaciones distintas con visiones opuestas de la vida, pero con un mismo fin: entretenerles. Programaci\u00f3n dedicada a alegrar tus tardes con sonrisas, temas de \u00ednter\u00e9s, tendencias, noticias p\u00f3lemicas, narradas con un tono jocoso, dise\u00f1ado para alegrar las tardes de nuestra audiciena y eliminar la monoton\u00eda y para recargarlos con la mejor vibra.<\/p>\n<p>[\/et_pb_text][\/et_pb_column][\/et_pb_row][et_pb_row column_structure=\u00bb3_5,2_5&#8243; _builder_version=\u00bb4.15.1&#8243; _module_preset=\u00bbdefault\u00bb global_colors_info=\u00bb{}\u00bb][et_pb_column type=\u00bb3_5&#8243; _builder_version=\u00bb4.15.1&#8243; _module_preset=\u00bbdefault\u00bb global_colors_info=\u00bb{}\u00bb][et_pb_text _builder_version=\u00bb4.15.1&#8243; _module_preset=\u00bbdefault\u00bb global_colors_info=\u00bb{}\u00bb]<\/p>\n<h2 style=\"text-align: center;\"><strong>\u201cV\u00cdA ALTERNA\u201d<\/strong><\/h2>\n<h4 style=\"text-align: center;\"><strong>Conductora:\u00a0<\/strong> Katherine Araque<\/h4>\n<h5 style=\"text-align: center;\"><\/h5>\n<h4 style=\"text-align: center;\"><strong>Horario: <\/strong><em>De 4 a 7 PM<\/em><\/h4>\n<p style=\"text-align: center;\">Prevista informativa radial que te acompa\u00f1a todas las tardes, de lunes a viernes, en el regreso a casa. Resumen noticioso y tendencias del d\u00eda, entrevistas de actualidad en positivo, crecimiento personal, temas hol\u00edsticos, de salud y bienestar, as\u00ed como de tecnolog\u00eda y entretenimiento, conducido por Katherina Araque.<\/p>\n<p>[\/et_pb_text][\/et_pb_column][et_pb_column type=\u00bb2_5&#8243; _builder_version=\u00bb4.15.1&#8243; _module_preset=\u00bbdefault\u00bb global_colors_info=\u00bb{}\u00bb][et_pb_image src=\u00bbhttps:\/\/esviafm.com\/wp-content\/uploads\/2025\/04\/SaveClip.App_476418443_18463333114064520_5852092608390547946_n.jpg\u00bb title_text=\u00bbSaveClip.App_476418443_18463333114064520_5852092608390547946_n\u00bb _builder_version=\u00bb4.15.1&#8243; _module_preset=\u00bbdefault\u00bb border_radii=\u00bbon|20px|20px|20px|20px\u00bb box_shadow_style=\u00bbpreset1&#8243; global_colors_info=\u00bb{}\u00bb][\/et_pb_image][\/et_pb_column][\/et_pb_row][\/et_pb_section]<\/p>\n","protected":false},"excerpt":{"rendered":"<p>Programaci\u00f3n &nbsp;\u201cBuenos D\u00edas con Jacqueline\u00bb Conductora: Jacqueline Tortolero Periodista con m\u00e1s de 30 a\u00f1os de experiencia Horario: De 5 a 10 AM Programa matutino que te ofrece d\u00eda tras d\u00eda, noticias,informaci\u00f3n de tr\u00e1nsito, entrevistas con temas de actualidad, conducido por la Periodista Jacqueline Tortolero. D\u00f3nde de manera muy h\u00e1bil combina su programa radial con la [&hellip;]<\/p>\n","protected":false},"author":1,"featured_media":0,"parent":0,"menu_order":0,"comment_status":"closed","ping_status":"closed","template":"","meta":{"_et_pb_use_builder":"on","_et_pb_old_content":"","_et_gb_content_width":"","footnotes":""},"class_list":["post-165","page","type-page","status-publish","hentry"],"_links":{"self":[{"href":"https:\/\/esviafm.com\/index.php\/wp-json\/wp\/v2\/pages\/165","targetHints":{"allow":["GET"]}}],"collection":[{"href":"https:\/\/esviafm.com\/index.php\/wp-json\/wp\/v2\/pages"}],"about":[{"href":"https:\/\/esviafm.com\/index.php\/wp-json\/wp\/v2\/types\/page"}],"author":[{"embeddable":true,"href":"https:\/\/esviafm.com\/index.php\/wp-json\/wp\/v2\/users\/1"}],"replies":[{"embeddable":true,"href":"https:\/\/esviafm.com\/index.php\/wp-json\/wp\/v2\/comments?post=165"}],"version-history":[{"count":35,"href":"https:\/\/esviafm.com\/index.php\/wp-json\/wp\/v2\/pages\/165\/revisions"}],"predecessor-version":[{"id":27612,"href":"https:\/\/esviafm.com\/index.php\/wp-json\/wp\/v2\/pages\/165\/revisions\/27612"}],"wp:attachment":[{"href":"https:\/\/esviafm.com\/index.php\/wp-json\/wp\/v2\/media?parent=165"}],"curies":[{"name":"wp","href":"https:\/\/api.w.org\/{rel}","templated":true}]}}