{"id":149,"date":"2023-04-19T21:39:10","date_gmt":"2023-04-20T02:09:10","guid":{"rendered":"https:\/\/esviafm.com\/?page_id=149"},"modified":"2025-06-26T10:51:09","modified_gmt":"2025-06-26T15:21:09","slug":"quienes-somos","status":"publish","type":"page","link":"https:\/\/esviafm.com\/index.php\/quienes-somos\/","title":{"rendered":"Qui\u00e9nes Somos"},"content":{"rendered":"<p>[et_pb_section fb_built=\u00bb1&#8243; _builder_version=\u00bb4.15.1&#8243; _module_preset=\u00bbdefault\u00bb background_color=\u00bbrgba(0,0,0,0.55)\u00bb background_image=\u00bbhttps:\/\/esviafm.com\/wp-content\/uploads\/2023\/04\/header-1-1.jpg\u00bb background_blend=\u00bboverlay\u00bb global_colors_info=\u00bb{}\u00bb][et_pb_row _builder_version=\u00bb4.15.1&#8243; _module_preset=\u00bbdefault\u00bb global_colors_info=\u00bb{}\u00bb][et_pb_column type=\u00bb4_4&#8243; _builder_version=\u00bb4.15.1&#8243; _module_preset=\u00bbdefault\u00bb global_colors_info=\u00bb{}\u00bb][et_pb_text _builder_version=\u00bb4.15.1&#8243; _module_preset=\u00bbdefault\u00bb text_text_color=\u00bb#FFFFFF\u00bb header_text_color=\u00bb#FFFFFF\u00bb global_colors_info=\u00bb{}\u00bb]<\/p>\n<h2 style=\"text-align: center;\"><span style=\"color: #ffffff;\"><strong>\u00bfQuienes Somos?<\/strong><\/span><\/h2>\n<p>&nbsp;<\/p>\n<p>[\/et_pb_text][\/et_pb_column][\/et_pb_row][\/et_pb_section][et_pb_section fb_built=\u00bb1&#8243; _builder_version=\u00bb4.15.1&#8243; _module_preset=\u00bbdefault\u00bb global_colors_info=\u00bb{}\u00bb][et_pb_row column_structure=\u00bb1_2,1_2&#8243; _builder_version=\u00bb4.15.1&#8243; _module_preset=\u00bbdefault\u00bb global_colors_info=\u00bb{}\u00bb][et_pb_column type=\u00bb1_2&#8243; _builder_version=\u00bb4.15.1&#8243; _module_preset=\u00bbdefault\u00bb global_colors_info=\u00bb{}\u00bb][et_pb_image src=\u00bbhttps:\/\/esviafm.com\/wp-content\/uploads\/2025\/04\/Imagen-de-WhatsApp-2025-04-23-a-las-11.09.46_cb1f0002.jpg\u00bb title_text=\u00bbImagen de WhatsApp 2025-04-23 a las 11.09.46_cb1f0002&#8243; _builder_version=\u00bb4.15.1&#8243; _module_preset=\u00bbdefault\u00bb scroll_vertical_motion_enable=\u00bbon\u00bb scroll_vertical_motion=\u00bb0|45|45|100|4|0|-1&#8243; global_colors_info=\u00bb{}\u00bb][\/et_pb_image][et_pb_image src=\u00bbhttps:\/\/esviafm.com\/wp-content\/uploads\/2025\/04\/Imagen-de-WhatsApp-2025-04-23-a-las-11.09.45_9b3322f4.jpg\u00bb title_text=\u00bbImagen de WhatsApp 2025-04-23 a las 11.09.45_9b3322f4&#8243; _builder_version=\u00bb4.15.1&#8243; _module_preset=\u00bbdefault\u00bb positioning=\u00bbabsolute\u00bb vertical_offset=\u00bb80px\u00bb horizontal_offset=\u00bb-17px\u00bb z_index=\u00bb0&#8243; position_origin_a_last_edited=\u00bboff|desktop\u00bb position_origin_f_last_edited=\u00bboff|desktop\u00bb position_origin_r_last_edited=\u00bboff|desktop\u00bb width=\u00bb100%\u00bb width_tablet=\u00bb100%\u00bb width_phone=\u00bb100%\u00bb width_last_edited=\u00bbon|tablet\u00bb scroll_vertical_motion_enable=\u00bbon\u00bb scroll_vertical_motion=\u00bb0|17|17|100|4|1|0&#8243; positioning_last_edited=\u00bboff|desktop\u00bb scroll_vertical_motion_last_edited=\u00bboff|desktop\u00bb global_colors_info=\u00bb{}\u00bb][\/et_pb_image][\/et_pb_column][et_pb_column type=\u00bb1_2&#8243; _builder_version=\u00bb4.15.1&#8243; _module_preset=\u00bbdefault\u00bb global_colors_info=\u00bb{}\u00bb][et_pb_text _builder_version=\u00bb4.15.1&#8243; _module_preset=\u00bbdefault\u00bb custom_margin=\u00bb15px|||||\u00bb global_colors_info=\u00bb{}\u00bb]<\/p>\n<h2><strong>Nuestra Emisora<\/strong><\/h2>\n<p>Es una estaci\u00f3n especializada informaci\u00f3n, far\u00e1ndula y buena m\u00fasica, as\u00ed como tambi\u00e9n cuenta con la m\u00e1s alta sinton\u00eda de la gran Caracas (Guarenas y Guatire), como a nivel nacional e internacional. Somos portadores del hermoso mensaje que trasmitimos a trav\u00e9s de la m\u00fasica en todas sus expresiones y variantes. Trasmitimos informaci\u00f3n ver\u00e1z a trav\u00e9s de sus diversos programas logrando el objetivo de educar y entretener<\/p>\n<p class=\"has-text-align-left\">\n<p>SOMOS IGUAL QUE T\u00da\u2026!!!<\/p>\n<p>[\/et_pb_text][et_pb_button button_text=\u00bbCont\u00e1ctanos\u00bb _builder_version=\u00bb4.15.1&#8243; _module_preset=\u00bbdefault\u00bb custom_button=\u00bbon\u00bb global_colors_info=\u00bb{}\u00bb][\/et_pb_button][\/et_pb_column][\/et_pb_row][\/et_pb_section][et_pb_section fb_built=\u00bb1&#8243; _builder_version=\u00bb4.15.1&#8243; _module_preset=\u00bbdefault\u00bb global_colors_info=\u00bb{}\u00bb][et_pb_row _builder_version=\u00bb4.15.1&#8243; _module_preset=\u00bbdefault\u00bb global_colors_info=\u00bb{}\u00bb][et_pb_column type=\u00bb4_4&#8243; _builder_version=\u00bb4.15.1&#8243; _module_preset=\u00bbdefault\u00bb global_colors_info=\u00bb{}\u00bb][et_pb_text _builder_version=\u00bb4.15.1&#8243; _module_preset=\u00bbdefault\u00bb header_2_text_align=\u00bbcenter\u00bb global_colors_info=\u00bb{}\u00bb]<\/p>\n<h2 style=\"text-align: center;\"><span style=\"color: #3366ff;\"><strong>OPERATIVO SEMANA SANTA 2025<\/strong><\/span><\/h2>\n<p>[\/et_pb_text][\/et_pb_column][\/et_pb_row][et_pb_row column_structure=\u00bb1_3,1_3,1_3&#8243; _builder_version=\u00bb4.15.1&#8243; _module_preset=\u00bbdefault\u00bb global_colors_info=\u00bb{}\u00bb][et_pb_column type=\u00bb1_3&#8243; _builder_version=\u00bb4.15.1&#8243; _module_preset=\u00bbdefault\u00bb global_colors_info=\u00bb{}\u00bb][et_pb_cta button_text=\u00bbClics\u00bb _builder_version=\u00bb4.15.1&#8243; _module_preset=\u00bbdefault\u00bb body_text_color=\u00bbRGBA(255,255,255,0)\u00bb background_enable_color=\u00bboff\u00bb background_image=\u00bbhttps:\/\/esviafm.com\/wp-content\/uploads\/2023\/04\/pexels-yan-krukau-8837438-scaled.jpg\u00bb background_blend=\u00bboverlay\u00bb transform_translate_linked__hover=\u00bboff\u00bb hover_enabled=\u00bb0&#8243; body_text_color_last_edited=\u00bboff|desktop\u00bb global_colors_info=\u00bb{}\u00bb body_text_color__hover_enabled=\u00bbon|hover\u00bb body_text_color__hover=\u00bb#FFFFFF\u00bb background__hover_enabled=\u00bbon|desktop\u00bb background_color__hover=\u00bbrgba(0,0,0,0.8)\u00bb background_enable_color__hover=\u00bbon\u00bb transform_styles__hover_enabled=\u00bbon|desktop\u00bb transform_scale__hover_enabled=\u00bbon|hover\u00bb transform_translate__hover_enabled=\u00bbon|desktop\u00bb transform_rotate__hover_enabled=\u00bbon|desktop\u00bb transform_skew__hover_enabled=\u00bbon|desktop\u00bb transform_origin__hover_enabled=\u00bbon|desktop\u00bb transform_translate__hover=\u00bb0px|-10px\u00bb sticky_enabled=\u00bb0&#8243;]<\/p>\n<p><img fetchpriority=\"high\" fetchpriority=\"high\" decoding=\"async\" src=\"https:\/\/esviafm.com\/wp-content\/uploads\/2025\/06\/SaveClip.App_491441487_18478051318064520_7823961814981358498_n-1-240x300.jpg\" width=\"240\" height=\"300\" alt=\"\" class=\"wp-image-27605 alignnone size-medium\" \/><\/p>\n<p>[\/et_pb_cta][\/et_pb_column][et_pb_column type=\u00bb1_3&#8243; _builder_version=\u00bb4.15.1&#8243; _module_preset=\u00bbdefault\u00bb global_colors_info=\u00bb{}\u00bb][et_pb_cta button_text=\u00bbClics\u00bb _builder_version=\u00bb4.15.1&#8243; _module_preset=\u00bbdefault\u00bb body_text_color=\u00bbRGBA(255,255,255,0)\u00bb background_enable_color=\u00bboff\u00bb background_image=\u00bbhttps:\/\/esviafm.com\/wp-content\/uploads\/2023\/04\/pexels-startup-stock-photos-7376-scaled.jpg\u00bb background_blend=\u00bboverlay\u00bb transform_translate_linked__hover=\u00bboff\u00bb hover_enabled=\u00bb0&#8243; body_text_color_last_edited=\u00bboff|desktop\u00bb global_colors_info=\u00bb{}\u00bb body_text_color__hover_enabled=\u00bbon|hover\u00bb body_text_color__hover=\u00bb#FFFFFF\u00bb background__hover_enabled=\u00bbon|desktop\u00bb background_color__hover=\u00bbrgba(0,0,0,0.8)\u00bb background_enable_color__hover=\u00bbon\u00bb transform_styles__hover_enabled=\u00bbon|desktop\u00bb transform_scale__hover_enabled=\u00bbon|hover\u00bb transform_translate__hover_enabled=\u00bbon|desktop\u00bb transform_rotate__hover_enabled=\u00bbon|desktop\u00bb transform_skew__hover_enabled=\u00bbon|desktop\u00bb transform_origin__hover_enabled=\u00bbon|desktop\u00bb transform_translate__hover=\u00bb0px|-10px\u00bb sticky_enabled=\u00bb0&#8243;]<\/p>\n<p><img decoding=\"async\" src=\"https:\/\/esviafm.com\/wp-content\/uploads\/2025\/06\/SaveClip.App_490393913_18476860417064520_1226084284019521066_n-240x300.jpg\" width=\"240\" height=\"300\" alt=\"\" class=\"wp-image-27606 alignnone size-medium\" \/><\/p>\n<p>[\/et_pb_cta][\/et_pb_column][et_pb_column type=\u00bb1_3&#8243; _builder_version=\u00bb4.15.1&#8243; _module_preset=\u00bbdefault\u00bb global_colors_info=\u00bb{}\u00bb][et_pb_cta button_text=\u00bbClics\u00bb _builder_version=\u00bb4.15.1&#8243; _module_preset=\u00bbdefault\u00bb body_text_color=\u00bbRGBA(255,255,255,0)\u00bb background_enable_color=\u00bboff\u00bb background_image=\u00bbhttps:\/\/esviafm.com\/wp-content\/uploads\/2023\/04\/pexels-fauxels-3184418-scaled.jpg\u00bb background_blend=\u00bboverlay\u00bb transform_translate_linked__hover=\u00bboff\u00bb body_text_color_last_edited=\u00bboff|desktop\u00bb global_colors_info=\u00bb{}\u00bb body_text_color__hover_enabled=\u00bbon|hover\u00bb body_text_color__hover=\u00bb#FFFFFF\u00bb background__hover_enabled=\u00bbon|desktop\u00bb background_color__hover=\u00bbrgba(0,0,0,0.8)\u00bb background_enable_color__hover=\u00bbon\u00bb transform_styles__hover_enabled=\u00bbon|desktop\u00bb transform_scale__hover_enabled=\u00bbon|hover\u00bb transform_translate__hover_enabled=\u00bbon|desktop\u00bb transform_rotate__hover_enabled=\u00bbon|desktop\u00bb transform_skew__hover_enabled=\u00bbon|desktop\u00bb transform_origin__hover_enabled=\u00bbon|desktop\u00bb transform_translate__hover=\u00bb0px|-10px\u00bb]<\/p>\n<p><strong><img decoding=\"async\" src=\"https:\/\/esviafm.com\/wp-content\/uploads\/2025\/04\/SaveClip.App_490531847_18476850880064520_4256517244068809308_n-240x300.jpg\" width=\"240\" height=\"300\" alt=\"\" class=\"wp-image-25226 alignnone size-medium\" \/>Valores<\/strong><\/p>\n<p>Your content goes here. Edit or remove this text inline or in the module Content settings. You can also style every aspect of this content in the module Design settings and even apply custom CSS to this text in the module Advanced settings.<\/p>\n<p>[\/et_pb_cta][\/et_pb_column][\/et_pb_row][\/et_pb_section]<\/p>\n","protected":false},"excerpt":{"rendered":"<p>\u00bfQuienes Somos? &nbsp;Nuestra Emisora Es una estaci\u00f3n especializada informaci\u00f3n, far\u00e1ndula y buena m\u00fasica, as\u00ed como tambi\u00e9n cuenta con la m\u00e1s alta sinton\u00eda de la gran Caracas (Guarenas y Guatire), como a nivel nacional e internacional. Somos portadores del hermoso mensaje que trasmitimos a trav\u00e9s de la m\u00fasica en todas sus expresiones y variantes. Trasmitimos informaci\u00f3n [&hellip;]<\/p>\n","protected":false},"author":1,"featured_media":0,"parent":0,"menu_order":0,"comment_status":"closed","ping_status":"closed","template":"","meta":{"_et_pb_use_builder":"on","_et_pb_old_content":"","_et_gb_content_width":"","footnotes":""},"class_list":["post-149","page","type-page","status-publish","hentry"],"_links":{"self":[{"href":"https:\/\/esviafm.com\/index.php\/wp-json\/wp\/v2\/pages\/149","targetHints":{"allow":["GET"]}}],"collection":[{"href":"https:\/\/esviafm.com\/index.php\/wp-json\/wp\/v2\/pages"}],"about":[{"href":"https:\/\/esviafm.com\/index.php\/wp-json\/wp\/v2\/types\/page"}],"author":[{"embeddable":true,"href":"https:\/\/esviafm.com\/index.php\/wp-json\/wp\/v2\/users\/1"}],"replies":[{"embeddable":true,"href":"https:\/\/esviafm.com\/index.php\/wp-json\/wp\/v2\/comments?post=149"}],"version-history":[{"count":19,"href":"https:\/\/esviafm.com\/index.php\/wp-json\/wp\/v2\/pages\/149\/revisions"}],"predecessor-version":[{"id":27608,"href":"https:\/\/esviafm.com\/index.php\/wp-json\/wp\/v2\/pages\/149\/revisions\/27608"}],"wp:attachment":[{"href":"https:\/\/esviafm.com\/index.php\/wp-json\/wp\/v2\/media?parent=149"}],"curies":[{"name":"wp","href":"https:\/\/api.w.org\/{rel}","templated":true}]}}